{"id":3,"date":"2023-02-11T11:20:51","date_gmt":"2023-02-11T10:20:51","guid":{"rendered":"https:\/\/weinfreunde-lsp.de\/?page_id=3"},"modified":"2023-02-11T11:58:48","modified_gmt":"2023-02-11T10:58:48","slug":"datenschutz","status":"publish","type":"page","link":"https:\/\/weinfreunde-lsp.de\/index.php\/start\/datenschutz\/","title":{"rendered":"Datenschutzerkl\u00e4rung"},"content":{"rendered":"\t\t<div data-elementor-type=\"wp-page\" data-elementor-id=\"3\" class=\"elementor elementor-3\">\n\t\t\t\t\t\t<section class=\"elementor-section elementor-top-section elementor-element elementor-element-507aa2c elementor-section-boxed elementor-section-height-default elementor-section-height-default\" data-id=\"507aa2c\" data-element_type=\"section\">\n\t\t\t\t\t\t<div class=\"elementor-container elementor-column-gap-default\">\n\t\t\t\t\t<div class=\"elementor-column elementor-col-100 elementor-top-column elementor-element elementor-element-557b4f7\" data-id=\"557b4f7\" data-element_type=\"column\">\n\t\t\t<div class=\"elementor-widget-wrap elementor-element-populated\">\n\t\t\t\t\t\t<div class=\"elementor-element elementor-element-5f07820 elementor-widget elementor-widget-text-editor\" data-id=\"5f07820\" data-element_type=\"widget\" data-widget_type=\"text-editor.default\">\n\t\t\t\t<div class=\"elementor-widget-container\">\n\t\t\t\t\t\t\t\t\t<p style=\"margin: 0in; margin-left: .375in; font-family: Calibri; font-size: 11.0pt; color: #767676;\"><span style=\"font-weight: bold; background: white;\">Datenschutz<\/span><\/p>\n<p style=\"margin: 0in; margin-left: .375in; font-family: Calibri; font-size: 11.0pt; color: #7a7a7a;\"><span style=\"background: white;\">Datenschutz ist uns ein besonders wichtiges Anliegen, und selbstverst\u00e4ndlich halten wir uns an die geltenden datenschutzrechtlichen Vorgaben. Wir m\u00f6chten Sie daher nachfolgend \u00fcber die mit dem Besuch dieser Website verbundene Verarbeitung von personenbezogenen Daten aufkl\u00e4ren und Sie \u00fcber Ihre entsprechenden Rechte informieren: Verantwortlicher f\u00fcr die Datenverarbeitung: Verantwortlicher im Sinne des Art. 4 Nr. 7 DSGVO, an den Sie sich bei Fragen oder einem anderen Anliegen zum Datenschutz wenden k\u00f6nnen, ist:<\/span><\/p>\n<p style=\"margin: 0in; margin-left: .375in; font-family: Calibri; font-size: 11.0pt; color: #7a7a7a;\"><span style=\"background: white;\">Weinfreunde Lachen-Speyerdorf e.V. (vertreten durch: Vorstand gem. \u00a7 26 BGB, insbesondere durch den Gesch\u00e4ftsf\u00fchrer Dr. Hubertus Kr\u00f6ner, In der Achen 36, Tel. +49 6327 960059, info@weinfreunde-lsp-de.preview-domain.com<\/span><\/p>\n<p style=\"margin: 0in; margin-left: .375in; font-family: Calibri; font-size: 11.0pt; color: #7a7a7a;\"><span style=\"font-weight: bold; background: white;\">\u00a0<\/span><\/p>\n<p style=\"margin: 0in; margin-left: .375in; font-family: Calibri; font-size: 11.0pt; color: #7a7a7a;\"><span style=\"font-weight: bold; background: white;\">Datenschutzbeauftragter:<\/span><span style=\"background: white;\">\u00a0<\/span><\/p>\n<p style=\"margin: 0in; margin-left: .375in; font-family: 'var\\( --e-global-typography-text'; font-size: 11.0pt; color: #7a7a7a;\"><span style=\"background: white;\">Wir haben f\u00fcr unsere Organisation einen Datenschutzbeauftragten bestellt, an den Sie sich mit Ihrem Anliegen auch gerne direkt wenden k\u00f6nnen: Dr. Hubertus Kr\u00f6ner, In der Achen 36, 67435 Neustadt\/W.; Tel. +49 6327 960059, E-Mail: weinfreunde-lsp@t-online.de<\/span><\/p>\n<p style=\"margin: 0in; margin-left: .375in; font-family: Calibri; font-size: 11.0pt; color: #7a7a7a;\"><span style=\"font-weight: bold; background: white;\">\u00a0<\/span><\/p>\n<p style=\"margin: 0in; margin-left: .375in; font-family: Calibri; font-size: 11.0pt; color: #7a7a7a;\"><span style=\"font-weight: bold; background: white;\">Welche Daten werden erfasst und verarbeitet?<\/span><span style=\"background: white;\">\u00a0<\/span><\/p>\n<p style=\"margin: 0in; margin-left: .375in; font-family: 'var\\( --e-global-typography-text'; font-size: 11.0pt; color: #7a7a7a;\"><span style=\"background: white;\">Beim Besuch unserer Website werden auf verschiedene Weise personenbezogene Daten der Nutzer erfasst. Personenbezogene Daten sind solche Daten, mit denen eine nat\u00fcrliche Person identifiziert werden kann. Dazu geh\u00f6ren beispielsweise der Name des Betroffenen, seine Wohnadresse, seine Telefonnummer oder auch sein Geburtsdatum. Wenn Sie unsere Seite aufrufen, werden zum einen durch Ihren Browser automatisch Informationen an den Server unserer Website gesendet, sog. Zugriffsdaten bzw. Server-Logfiles, wie z.B. der verwendete Webbrowser und das verwendete Betriebssystem, der Domain-Name Ihre Internet-Providers, Ihre IP-Adresse oder auch der sog. Zeitstempel, also\u00a0der genaue Zeitpunkt und die Dauer Ihres Besuchs. Diese Daten m\u00fcssen notwendigerweise erfasst werden, um technisch eine Darstellung und Verbindung herzustellen.\u00a0<\/span><\/p>\n<p style=\"margin: 0in; margin-left: .375in; font-family: Calibri; font-size: 11.0pt; color: #7a7a7a;\"><span style=\"background: white;\">Es erfolgt eine Datenauswertung in anonymisierter Form zu statistischen Zwecken \/ zur Verbesserung unseres Angebots auf unserer Webseite o.a.).\u00a0<\/span><\/p>\n<p style=\"margin: 0in; margin-left: .375in; font-family: Calibri; font-size: 11.0pt; color: #7a7a7a;\"><span style=\"background: white;\">Dar\u00fcber hinaus erfassen wir diejenigen personenbezogenen Daten, die Sie selbst bewusst auf unserer Homepage angeben, etwa durch Nutzung unseres Kontaktformulars oder unseres Antragsformulars f\u00fcr eine Mitgliedschaft. Die Verwendung unseres Kontaktformulars ist nicht mit einer Speicherung personenbezogenen Daten auf unserem Server verbunden; das Formular wird als E-Mail versandt.) Zusammenfassend handelt es sich um folgende Kategorien von Daten:<\/span><\/p>\n<ul style=\"direction: ltr; unicode-bidi: embed; margin-top: 0in; margin-bottom: 0in;\" type=\"disc\">\n<li style=\"margin-top: 0; margin-bottom: 0; vertical-align: middle; color: #7a7a7a;\"><span style=\"font-family: Calibri; font-size: 11.0pt; background: white;\">Kontaktdaten (Name, Adresse, E-Mail-Adresse, Telefonnummer, etc.)<\/span><\/li>\n<li style=\"margin-top: 0; margin-bottom: 0; vertical-align: middle; color: #7a7a7a;\"><span style=\"font-family: Calibri; font-size: 11.0pt; background: white;\">inhaltliche Daten (eingestellte Texte und \u00fcbersandte Nachrichten, eingestellte Fotos, ggf. Videos)<\/span><\/li>\n<li style=\"margin-top: 0; margin-bottom: 0; vertical-align: middle; color: #7a7a7a;\"><span style=\"font-family: Calibri; font-size: 11.0pt; background: white;\">Kommunikationsdaten (Ger\u00e4te-Informationen, IP-Adresse) o Nutzungsdaten (besuchte Website, Nutzungsdauer etc.)<\/span><\/li>\n<\/ul>\n<p style=\"margin: 0in; margin-left: .375in; font-family: Calibri; font-size: 11.0pt; color: #7a7a7a;\"><span style=\"font-weight: bold; background: white;\">\u00a0<\/span><\/p>\n<p style=\"margin: 0in; margin-left: .375in; font-family: Calibri; font-size: 11.0pt; color: #7a7a7a;\"><span style=\"font-weight: bold; background: white;\">Rechtsgrundlage f\u00fcr die Verarbeitung:<\/span><\/p>\n<p style=\"margin: 0in; margin-left: .375in; font-family: 'var\\( --e-global-typography-text'; font-size: 11.0pt; color: #7a7a7a;\"><span style=\"background: white;\">Als ma\u00dfgebliche Rechtsgrundlagen f\u00fcr die Zul\u00e4ssigkeit der Verarbeitung dienen die EU-Datenschutzgrundverordnung vom 27.04.2016 sowie das Bundesdatenschutzgesetz i.d.F. v. 30.06.2017. Die Rechtm\u00e4\u00dfigkeit der Datenerfassung ergibt sich aus Art. 6 DSGVO. Soweit die Datenverarbeitung aufgrund einer ausdr\u00fccklichen Einwilligung erfolgt, dient Abs. 1 a) der genannten Norm als Rechtsgrundlage (ggf. auch Art. 9 Abs. 2 a) DSGVO bei Gesundheits-daten). F\u00fcr die Speicherung und sonstige Verarbeitung Ihrer Daten im Zusammenhang mit der Verwendung unseres Online-Mitgliedsantrages ist das mitgliedschaftliche Vertrags-verh\u00e4ltnis zwischen Ihnen und dem Verein in Verbindung mit Art. 6 Abs. 1 b) DSGVO Rechtsgrundlage. Das gilt auch f\u00fcr alle anderen Datenverarbeitungen, die zur Durchf\u00fchrung vertraglicher Ma\u00dfnahmen, aber auch zur Beantwortung von Anfragen erforderlich sind. Soweit wir im Einzelfall zur Datenverarbeitung rechtlich verpflichtet sind, ist hierf\u00fcr Art. 6 Abs. 1 c) DSGVO Grundlage; im dem Fall, dass die Verarbeitung der Wahrung unserer berechtigten Interessen dient, Art. 6 Abs. 1 f) DSGVO.<\/span><\/p>\n<p style=\"margin: 0in; margin-left: .375in; font-family: Calibri; font-size: 11.0pt; color: #7a7a7a;\"><span style=\"font-weight: bold; background: white;\">\u00a0<\/span><\/p>\n<p style=\"margin: 0in; margin-left: .375in; font-family: Calibri; font-size: 11.0pt; color: #7a7a7a;\"><span style=\"font-weight: bold; background: white;\">Zweck und Dauer der Datenverarbeitung:\u00a0<\/span><\/p>\n<p style=\"margin: 0in; margin-left: .375in; font-family: 'var\\( --e-global-typography-text'; font-size: 11.0pt; color: #7a7a7a;\"><span style=\"background: white;\">Die automatische Erfassung Ihrer Nutzer- und Kommunikationsdaten beim Besuch unserer Website dient notwendigerweise der Herstellung der technischen Verbindung und Nutzbarkeit unserer Website. Soweit Sie das auf unserer Homepage enthaltene Kontaktformular verwenden oder Sie uns \u00fcber die Seite eine E-Mail schicken, dient die Erfassung der in diesem Zusammenhang bekannt gegebenen Kontaktdaten (in der Regel nur Name und E-Mail-Adresse) lediglich der entsprechenden R\u00fcckmeldung unsererseits. Eventuelle zus\u00e4tzliche Angaben, die Sie uns \u00fcbermitteln, werden allein dem Zweck und Anlass entsprechend verarbeitet. Nach Wegfall des Grundes f\u00fcr die Speicherung, werden die Daten unverz\u00fcglich gel\u00f6scht oder \u2013 sofern im Einzelfall erforderlich \u2013 gesperrt.\u00a0<\/span><\/p>\n<p style=\"margin: 0in; margin-left: .375in; font-family: Calibri; font-size: 11.0pt; color: #7a7a7a;\"><span style=\"background: white;\">Wenn Sie unser Online-Formular f\u00fcr einen Antrag auf Vereinsmitgliedschaft nutzen, werden Ihre dort gemachten Angaben allein zur Begr\u00fcndung und Durchf\u00fchrung des mitgliedschaftlichen Vertragsverh\u00e4ltnisses verwendet. Diese Daten werden lediglich f\u00fcr die Dauer der Vereinsmitgliedschaft im Rahmen unserer Mitgliederverwaltung gespeichert und ausschlie\u00dflich hierf\u00fcr genutzt. Nach Beendigung der Mitgliedschaft werden die Daten gel\u00f6scht oder \u2013 soweit notwendig \u2013 gesperrt.\u00a0<\/span><\/p>\n<p style=\"margin: 0in; margin-left: .375in; font-family: Calibri; font-size: 11.0pt; color: #7a7a7a;\"><span style=\"background: white;\">Eine Weitergabe dieser Daten an Dritte erfolgt nicht, es sei denn, das einzelne Mitglied hat sich zwecks Kontaktherstellung mit einem gleich betroffenen Mitglied ausdr\u00fccklich mit der Weitergabe der Daten an andere Mitglieder einverstanden erkl\u00e4rt. Eine dar\u00fcber hinausgehende Weitergabe an andere Dritte findet nicht statt. Das Mitglied hat das Recht, seine Einwilligung auf Speicherung sowie auf Weitergabe an andere Mitglieder jederzeit zu widerrufen.\u00a0<\/span><\/p>\n<p style=\"margin: 0in; margin-left: .375in; font-family: Calibri; font-size: 11.0pt; color: #7a7a7a;\"><span style=\"font-weight: bold; background: white;\">\u00a0<\/span><\/p>\n<p style=\"margin: 0in; margin-left: .375in; font-family: Calibri; font-size: 11.0pt; color: #7a7a7a;\"><span style=\"font-weight: bold; background: white;\">Weitergabe von personenbezogenen Daten:\u00a0<\/span><\/p>\n<p style=\"margin: 0in; margin-left: .375in; font-family: 'var\\( --e-global-typography-text'; font-size: 11.0pt; color: #7a7a7a;\"><span style=\"background: white;\">Die von Ihnen \u00fcbermittelten personenbezogenen Daten werden nicht an Dritte weitergegeben, weder zu kommerziellen noch zu nichtkommerziellen Zwecken.\u00a0<\/span><\/p>\n<p style=\"margin: 0in; margin-left: .375in; font-family: Calibri; font-size: 11.0pt; color: #7a7a7a;\"><span style=\"font-weight: bold; background: white;\">\u00a0<\/span><\/p>\n<p style=\"margin: 0in; margin-left: .375in; font-family: Calibri; font-size: 11.0pt; color: #7a7a7a;\"><span style=\"font-weight: bold; background: white;\">Datensicherheit:\u00a0<\/span><\/p>\n<p style=\"margin: 0in; margin-left: .375in; font-family: Calibri; font-size: 11.0pt; color: #7a7a7a;\"><span style=\"background: white;\">Wir versichern, dass wir die nach Art. 32 DSGVO erforderlichen technischen sowie organisatorischen Ma\u00dfnahmen ergriffen haben, um ein dem Risiko f\u00fcr die Rechte und Freiheiten des Nutzers angemessenes Schutzniveau zu gew\u00e4hrleisten. Dies betrifft insbesondere die Auswahl der verwendeten Hard- und Software sowie die innerorganisatorische Kontrolle und Zugriffsberechtigung. Nichtsdestotrotz wird vorsorglich darauf hingewiesen, dass die Daten\u00fcbertragung im Internet (z.B. per E-Mail) immer gewisse Sicherheitsl\u00fccken aufweisen und nicht vollumf\u00e4nglich vor dem Zugriff durch Dritte gesch\u00fctzt werden kann. Rechte des Betroffenen: Sie haben hinsichtlich der Verarbeitung Ihrer personenbezogenen Daten nach den geltenden datenschutzrechtlichen Bestimmungen insbesondere einen Anspruch auf o Information und Auskunft \u00fcber die von uns vorgenommene Verarbeitung Ihrer personenbezogenen Daten (Art. 15 DSGVO), o auf Berichtigung und Vervollst\u00e4ndigung bez\u00fcglich unrichtiger bzw. unvollst\u00e4ndiger Daten (Art. 16 DSGVO) und o auf L\u00f6schung nach Ma\u00dfgabe des Art. 17 DSGVO bzw. auf Einschr\u00e4nkung nach Art. 18 DSGVO. Widerspruch und Widerruf von Einwilligungen: Soweit Ihre personenbezogenen Daten im Rahmen des Art. 6 Abs. 1 f) DSGVO erhoben und verarbeitet werden (d.h. bei Vorliegen berechtigter Interessen des Verantwortlichen), haben Sie nach Art. 21 DSGVO das Recht, hiergegen jederzeit Widerspruch einzulegen, wenn\u00a0insoweit Gr\u00fcnde bestehen, die sich aus Ihrer besonderen Situation ergeben, oder wenn sich der Widerspruch gegen eine Direktwerbung richtet. Soweit eine Datenverarbeitung aufgrund Ihrer diesbez\u00fcglichen vorherigen Einwilligung erfolgt ist, steht es Ihnen jederzeit frei, Ihre Einwilligung in den betreffenden Datenverarbeitungsvorgang zu widerrufen. Sowohl f\u00fcr den Widerspruch als auch f\u00fcr den Widerruf gen\u00fcgt eine einfache Mitteilung per E-Mail an uns (info@weinfreunde-lsp-de.preview-domain.com). Die betreffenden personenbezogenen Daten werden dann unverz\u00fcglich gel\u00f6scht.\u00a0<\/span><\/p>\n<p style=\"margin: 0in; margin-left: .375in; font-family: Calibri; font-size: 11.0pt; color: #7a7a7a;\"><span style=\"font-weight: bold; background: white;\">\u00a0<\/span><\/p>\n<p style=\"margin: 0in; margin-left: .375in; font-family: Calibri; font-size: 11.0pt; color: #7a7a7a;\"><span style=\"font-weight: bold; background: white;\">Beschwerderecht:<\/span><span style=\"background: white;\">\u00a0<\/span><\/p>\n<p style=\"margin: 0in; margin-left: .375in; font-family: Calibri; font-size: 11.0pt;\"><span style=\"color: #7a7a7a; background: white;\">Nach Art. 77 DSGVO hat ein Betroffener im Falle eines datenschutzrechtlichen Versto\u00dfes das Recht, sich mit einer entsprechenden Beschwerde an die zust\u00e4ndige Aufsichtsbeh\u00f6rde zu wenden. Hierbei handelt es sich um den\u00a0<\/span><a href=\"https:\/\/www.datenschutz.rlp.de\/de\/themenfelder-themen\/kontakt\/\"><span style=\"background: white;\">Datenschutzbeauftragten des Landes Rheinland-Pfalz<\/span><\/a><span style=\"color: #7a7a7a; background: white;\">.<\/span><\/p>\n<p style=\"margin: 0in; margin-left: .375in; font-family: Calibri; font-size: 11.0pt; color: #7a7a7a;\"><span style=\"font-weight: bold; background: white;\">\u00a0<\/span><\/p>\n<p style=\"margin: 0in; margin-left: .375in; font-family: Calibri; font-size: 11.0pt; color: #7a7a7a;\"><span style=\"font-weight: bold; background: white;\">Verschl\u00fcsselung:\u00a0<\/span><\/p>\n<p style=\"margin: 0in; margin-left: .375in; font-family: Calibri; font-size: 11.0pt; color: #7a7a7a;\"><span style=\"background: white;\">Aus Sicherheitsgr\u00fcnden nutzen wir auf unserer Seite eine SSL- bzw. TLS-Verschl\u00fcsselung, was Sie an dem Schloss-Symbol in der Browserzeile sowie an der Abk\u00fcrzung \u201ehttps:\/\/\u201c (statt \u201ehttp:\/\/\u201c) erkennen k\u00f6nnen. Ist die Verschl\u00fcsselung aktiv, k\u00f6nnen Daten bzw. inhaltliche Angaben, die Sie an uns \u00fcbermitteln, von Dritten nicht mitgelesen werden. (Hinweis i.d.R. nicht zwingend erforderlich; vor allem nur dann statthaft, wenn tats\u00e4chlich Verschl\u00fcsselung stattfindet, z.B. im Zusammenhang mit Online-Spenden)\u00a0<\/span><\/p>\n<p style=\"margin: 0in; margin-left: .375in; font-family: Calibri; font-size: 11.0pt; color: #7a7a7a;\"><span style=\"font-weight: bold; background: white;\">\u00a0<\/span><\/p>\n<p style=\"margin: 0in; margin-left: .375in; font-family: Calibri; font-size: 11.0pt; color: #7a7a7a;\"><span style=\"font-weight: bold; background: white;\">Cookies:\u00a0<\/span><\/p>\n<p style=\"margin: 0in; margin-left: .375in; font-family: Calibri; font-size: 11.0pt; color: #7a7a7a;\"><span style=\"background: white;\">Um die Nutzung bestimmter Funktionen auf unserer Webseite zu erm\u00f6glichen, verwenden wir sog. Cookies. Hierbei handelt es sich um kleine Textdateien, die auf Ihrem Rechner abgelegt werden, um Sie bei Ihrem n\u00e4chsten Besuch auf unserer Internetseite wiederzuerkennen. Sie ersparen Ihnen dann z.B. die wiederholte Eingabe von Daten und erleichtern zugleich die \u00dcbermittlung bestimmter Inhalte der Webseite. Cookies richten auf Ihrem Computer keinen Schaden an und enthalten auch keine Computerviren. Selbstverst\u00e4ndlich k\u00f6nnen Sie den Einsatz dieser Cookies verweigern; insoweit bitten wir Sie, die Cookies bei den Sicherheitseinstellungen Ihres Browsers zu deaktivieren (ggf. n\u00e4here Anleitung, welche Schritte erforderlich sind). Auch ist es m\u00f6glich, Cookies \u2013 soweit sie nach Beendigung Ihres Besuches auf unserer Homepage ohnehin nicht automatisch gel\u00f6scht werden \u2013 im Nachgang zu l\u00f6schen. Wir weisen allerdings darauf hin, dass die Nichtaktivierung von Cookies zu Einschr\u00e4nkungen bei den betreffenden Funktionen f\u00fchren kann.<\/span><\/p>\n<p style=\"margin: 0in; margin-left: .375in; font-family: Calibri; font-size: 11.0pt; color: #7a7a7a;\"><span style=\"background: white;\">\u00dcber einen Banner wird beim Aufrufen der Webseite abgefragt, ob dem Einsatz von Cookies zugestimmt wird.\u00a0<\/span><\/p>\n<p style=\"margin: 0in; margin-left: .375in; font-family: Calibri; font-size: 11.0pt; color: #7a7a7a;\"><span style=\"font-weight: bold; background: white;\">\u00a0<\/span><\/p>\n<p style=\"margin: 0in; margin-left: .375in; font-family: Calibri; font-size: 11.0pt; color: #7a7a7a;\"><span style=\"font-weight: bold; background: white;\">Dienste und Inhalte anderer Anbieter<\/span><span style=\"background: white;\">:\u00a0<\/span><\/p>\n<p style=\"margin: 0in; margin-left: .375in; font-family: Calibri; font-size: 11.0pt; color: #7a7a7a;\"><span style=\"background: white;\">Auf unserer Internetseite k\u00f6nnen Sie Dienste und Inhalte anderer Anbieter nutzen, etwa Karten von Google-Maps oder Videos von YouTube. Zur vollst\u00e4ndigen Darstellung der entsprechenden Inhalte ist es notwendig, Ihre IP-Adresse zu \u00fcbermitteln. Leider k\u00f6nnen wir keine Gew\u00e4hr daf\u00fcr \u00fcbernehmen, dass die IP-Adressen von den betreffenden Anbietern nicht gespeichert und verarbeitet werden. Es ist dann aber in der Regel davon auszugehen, dass eine Speicherung nur zu statistischen Zwecken stattfindet. Sollte uns bekannt werden, dass die betreffenden IP-Adressen tats\u00e4chlich gespeichert werden, wird ein entsprechender ausdr\u00fccklicher Hinweis an die Besucher unserer Webseite ergehen. Soweit Sie eine Verlinkung auf unserer Webseite nutzen, die Sie zu einer anderen Webseite weiterleitet, wird f\u00fcr die Rechtm\u00e4\u00dfigkeit der dortigen Inhalte und die dortige Einhaltung des Datenschutzes keine Haftung \u00fcbernommen. Insoweit ist ausschlie\u00dflich der Betreiber der entsprechenden Homepage verantwortlich. Wenn Sie den Inhalt dieser Webseite in sozialen Netzwerken teilen wollen, k\u00f6nnen Sie dies durch Anklicken des entsprechenden Buttons bewirken. Damit ist keine automatische \u00dcbertragung von Nutzerdaten an die Betreiber der sozialen Netzwerke verbunden.<\/span><\/p>\n<p style=\"margin: 0in; margin-left: .375in; font-family: Calibri; font-size: 11.0pt; color: #7a7a7a;\"><span style=\"font-weight: bold; background: white;\">\u00a0<\/span><\/p>\n<p style=\"margin: 0in; margin-left: .375in; font-family: Calibri; font-size: 11.0pt; color: #7a7a7a;\"><span style=\"font-weight: bold; background: white;\">Kommentarfunktion<\/span><span style=\"background: white;\">:\u00a0<\/span><\/p>\n<p style=\"margin: 0in; margin-left: .375in; font-family: Calibri; font-size: 11.0pt; color: #7a7a7a;\"><span style=\"background: white;\">Sie k\u00f6nnen auf unserer Webseite die Kommentarfunktion nutzen &#8211; sofern sie angeboten wird. Dazu werden neben Ihrem entsprechenden Kommentar Ihr Name bzw. gew\u00e4hlter Nutzername, Ihre E-Mail-Adresse und der Zeitpunkt der Kommentar\u00fcbersendung gespeichert. Wir ben\u00f6tigen Ihre E-Mail-Adresse, damit wir im Bedarfsfall aufgrund Ihres erfolgten Kommentars mit Ihnen Kontakt aufnehmen k\u00f6nnen. Kommentare werden aufgrund Ihrer entsprechenden Einwilligung gespeichert und ver\u00f6ffentlicht, soweit nicht aus rechtlichen Gr\u00fcnden (z.B. im Falle einer Beleidigung) eine sofortige L\u00f6schung erfolgen muss. Mit der L\u00f6schung Ihres Kommentars erfolgt auch die L\u00f6schung bzw. \u2013 soweit im Einzelfall erforderlich &#8211; Sperrung Ihrer E-Mail-Adresse.\u00a0<\/span><\/p>\n<p style=\"margin: 0in; margin-left: .375in; font-family: Calibri; font-size: 11.0pt; color: #7a7a7a;\"><span style=\"font-weight: bold; background: white;\">\u00a0<\/span><\/p>\n<p style=\"margin: 0in; margin-left: .375in; font-family: Calibri; font-size: 11.0pt; color: #7a7a7a;\"><span style=\"font-weight: bold; background: white;\">Newsletter<\/span><span style=\"background: white;\">:\u00a0<\/span><\/p>\n<p style=\"margin: 0in; margin-left: .375in; font-family: 'var\\( --e-global-typography-text'; font-size: 11.0pt; color: #7a7a7a;\"><span style=\"background: white;\">Sofern ein Newsletter angeboten wird und sie diesen beziehen m\u00f6chten, bitten wir Sie, Ihre E-Mail-Adresse an der gekennzeichneten Stelle einzutragen. Sie erhalten dann eine entsprechende R\u00fcckantwort von uns mit der Bitte, die Bestellung des Newsletters nochmals kurz zu best\u00e4tigen und uns damit zugleich Ihr Einverst\u00e4ndnis mit der Speicherung und Nutzung Ihrer Kontaktdaten zur \u00dcbermittlung des Newsletters zu erteilen. Eine dar\u00fcber hinausgehende Verarbeitung Ihrer Daten findet nicht statt. Ihre Einwilligung zur Speicherung und Nutzung Ihrer Daten k\u00f6nnen Sie jederzeit widerrufen. Hierzu gen\u00fcgt eine kurze E-Mail an info@weinfreunde-lsp-de.preview-domain.com mit dem Hinweis, dass Sie den Newsletter abbestellen wollen. Ihre Daten werden im Anschluss unverz\u00fcglich gel\u00f6scht. Davon bleiben Daten, die wir aufgrund eines anderen Rechtsgrundes gespeichert haben, unber\u00fchrt.\u00a0<\/span><\/p>\t\t\t\t\t\t\t\t<\/div>\n\t\t\t\t<\/div>\n\t\t\t\t\t<\/div>\n\t\t<\/div>\n\t\t\t\t\t<\/div>\n\t\t<\/section>\n\t\t\t\t<\/div>\n\t\t","protected":false},"excerpt":{"rendered":"<p>Datenschutz Datenschutz ist uns ein besonders wichtiges Anliegen, und selbstverst\u00e4ndlich halten wir uns an die geltenden datenschutzrechtlichen Vorgaben. Wir m\u00f6chten Sie daher nachfolgend \u00fcber die mit dem Besuch dieser Website verbundene Verarbeitung von personenbezogenen Daten aufkl\u00e4ren und Sie \u00fcber Ihre entsprechenden Rechte informieren: Verantwortlicher f\u00fcr die Datenverarbeitung: Verantwortlicher im Sinne des Art. 4 Nr. 7&hellip; <a class=\"more-link\" href=\"https:\/\/weinfreunde-lsp.de\/index.php\/start\/datenschutz\/\"><span class=\"screen-reader-text\">Datenschutzerkl\u00e4rung<\/span> weiterlesen<\/a><\/p>\n","protected":false},"author":1,"featured_media":0,"parent":2,"menu_order":0,"comment_status":"closed","ping_status":"closed","template":"","meta":{"footnotes":""},"_links":{"self":[{"href":"https:\/\/weinfreunde-lsp.de\/index.php\/wp-json\/wp\/v2\/pages\/3"}],"collection":[{"href":"https:\/\/weinfreunde-lsp.de\/index.php\/wp-json\/wp\/v2\/pages"}],"about":[{"href":"https:\/\/weinfreunde-lsp.de\/index.php\/wp-json\/wp\/v2\/types\/page"}],"author":[{"embeddable":true,"href":"https:\/\/weinfreunde-lsp.de\/index.php\/wp-json\/wp\/v2\/users\/1"}],"replies":[{"embeddable":true,"href":"https:\/\/weinfreunde-lsp.de\/index.php\/wp-json\/wp\/v2\/comments?post=3"}],"version-history":[{"count":7,"href":"https:\/\/weinfreunde-lsp.de\/index.php\/wp-json\/wp\/v2\/pages\/3\/revisions"}],"predecessor-version":[{"id":41,"href":"https:\/\/weinfreunde-lsp.de\/index.php\/wp-json\/wp\/v2\/pages\/3\/revisions\/41"}],"up":[{"embeddable":true,"href":"https:\/\/weinfreunde-lsp.de\/index.php\/wp-json\/wp\/v2\/pages\/2"}],"wp:attachment":[{"href":"https:\/\/weinfreunde-lsp.de\/index.php\/wp-json\/wp\/v2\/media?parent=3"}],"curies":[{"name":"wp","href":"https:\/\/api.w.org\/{rel}","templated":true}]}}