{"id":9,"date":"2023-02-11T11:32:59","date_gmt":"2023-02-11T10:32:59","guid":{"rendered":"https:\/\/weinfreunde-lsp.de\/?page_id=9"},"modified":"2025-05-12T19:46:33","modified_gmt":"2025-05-12T17:46:33","slug":"impressum","status":"publish","type":"page","link":"https:\/\/weinfreunde-lsp.de\/index.php\/start\/impressum\/","title":{"rendered":"Impressum"},"content":{"rendered":"\t\t<div data-elementor-type=\"wp-page\" data-elementor-id=\"9\" class=\"elementor elementor-9\">\n\t\t\t\t\t\t<section class=\"elementor-section elementor-top-section elementor-element elementor-element-013097d elementor-section-boxed elementor-section-height-default elementor-section-height-default\" data-id=\"013097d\" data-element_type=\"section\">\n\t\t\t\t\t\t<div class=\"elementor-container elementor-column-gap-default\">\n\t\t\t\t\t<div class=\"elementor-column elementor-col-100 elementor-top-column elementor-element elementor-element-f75421f\" data-id=\"f75421f\" data-element_type=\"column\">\n\t\t\t<div class=\"elementor-widget-wrap elementor-element-populated\">\n\t\t\t\t\t\t<div class=\"elementor-element elementor-element-c591279 elementor-widget elementor-widget-text-editor\" data-id=\"c591279\" data-element_type=\"widget\" data-widget_type=\"text-editor.default\">\n\t\t\t\t<div class=\"elementor-widget-container\">\n\t\t\t\t\t\t\t\t\t<p style=\"margin: 0in; font-family: Calibri; font-size: 11.0pt; color: #7a7a7a;\"><span style=\"font-weight: bold; background: white;\">Herausgeber<\/span><\/p>\n<p style=\"margin: 0in; font-family: Calibri; font-size: 11.0pt; color: #7a7a7a;\"><span style=\"font-weight: bold; background: white;\">Weinfreunde Lachen-Speyerdorf e.V.<\/span><\/p>\n<p style=\"margin: 0in; font-family: Calibri; font-size: 11.0pt; color: #7a7a7a;\"><span style=\"background: white;\">In der Achen 36<\/span><\/p>\n<p style=\"margin: 0in; font-family: Calibri; font-size: 11.0pt; color: #7a7a7a;\"><span style=\"background: white;\">67435 Neustadt-Lachen-Speyerdorf<\/span><\/p>\n<p style=\"margin: 0in; font-family: Calibri; font-size: 11.0pt; color: #7a7a7a;\"><span style=\"background: white;\">Telefon: + 49 6327 960059<\/span><\/p>\n<p style=\"margin: 0in; font-family: Calibri; font-size: 11.0pt; color: #7a7a7a;\"><span style=\"background: white;\">E-Mail: info@weinfreunde-lsp.de<\/span><\/p>\n<p style=\"margin: 0in; font-family: Calibri; font-size: 11.0pt; color: #7a7a7a;\"><span style=\"background: white;\">Internet:&nbsp;weinfreunde-lsp.de<\/span><\/p>\n<p style=\"margin: 0in; font-family: Calibri; font-size: 11.0pt; color: #7a7a7a;\"><span style=\"background: white;\">Die Weinfreunde Lachen-Speyerdorf sind ein eingetragener, gemeinn\u00fctziger Verein und werden durch die Mitglieder des Vorstandes vertreten.<\/span><\/p>\n<p style=\"margin: 0in; font-family: Calibri; font-size: 11.0pt; color: #7a7a7a;\"><span style=\"background: white;\">Vorstand : Volker Freytag, Susanne Zinckgraf, Nicole Noe und Hubertus Kr\u00f6ner<\/span><\/p>\n<p style=\"margin: 0in; font-family: Calibri; font-size: 11.0pt; color: #7a7a7a;\"><span style=\"background: white;\">VR 60812 Amtsgericht Ludwigshafen\/Rhein<\/span><\/p>\n<p style=\"margin: 0in; font-family: Calibri; font-size: 11.0pt; color: #7a7a7a;\"><span style=\"font-weight: bold; background: white;\">Haftungshinweis:<\/span><\/p>\n<p style=\"margin: 0in; font-family: Calibri; font-size: 11.0pt; color: #7a7a7a;\"><span style=\"background: white;\">Diese Website enth\u00e4lt Verkn\u00fcpfungen zu Websites Dritter (&#8222;externe Links&#8220;). Diese&nbsp;unterliegen der Haftung der jeweiligen Betreiber, die allein verantwortlich sind f\u00fcr deren Inhalte. Bei Kenntnis von Rechtsverst\u00f6\u00dfen &#8211;&nbsp;auf Grund&nbsp;entsprechender Hinweise&nbsp;&#8211;&nbsp;werden jedoch derartige externe Links unverz\u00fcglich gel\u00f6scht.<\/span><\/p>\n<p style=\"margin: 0in; font-family: Calibri; font-size: 11.0pt; color: #7a7a7a;\"><span style=\"background: white;\">Der Autor \u00fcbernimmt keinerlei Gew\u00e4hr f\u00fcr die Aktualit\u00e4t, Korrektheit, Vollst\u00e4ndigkeit oder Qualit\u00e4t der bereitgestellten Informationen. Haftungsanspr\u00fcche gegen den Autor, die sich auf Sch\u00e4den materieller oder ideeller Art beziehen, die durch die Nutzung oder Nichtnutzung der dargebotenen Informationen bzw. durch die Nutzung fehlerhafter und unvollst\u00e4ndiger Informationen verursacht wurden, sind grunds\u00e4tzlich ausgeschlossen, sofern seitens des Autors kein nachweislich vors\u00e4tzliches oder grob fahrl\u00e4ssiges Verschulden vorliegt. Alle Angebote sind freibleibend und unverbindlich. Der Autor beh\u00e4lt es sich ausdr\u00fccklich vor, Teile der Seiten oder das gesamte Angebot ohne gesonderte Ank\u00fcndigung zu ver\u00e4ndern, zu erg\u00e4nzen, zu l\u00f6schen oder die Ver\u00f6ffentlichung zeitweise oder endg\u00fcltig einzustellen.<\/span><\/p>\n<p style=\"margin: 0in; font-family: Calibri; font-size: 11.0pt; color: #7a7a7a;\"><span style=\"font-weight: bold; background: white;\">Urheber- und Kennzeichenrecht<\/span><\/p>\n<p style=\"margin: 0in; font-family: Calibri; font-size: 11.0pt; color: #7a7a7a;\"><span style=\"background: white;\">Der Autor ist bestrebt, in allen Publikationen die Urheberrechte der verwendeten Grafiken, Tondokumente, Videosequenzen und Texte zu beachten, von ihm selbst erstellte Grafiken, Tondokumente, Videosequenzen und Texte zu nutzen oder auf lizenzfreie Grafiken, Tondokumente, Videosequenzen und Texte zur\u00fcckzugreifen. Alle innerhalb des Internetangebotes genannten und ggf. durch Dritte gesch\u00fctzten Marken- und Warenzeichen unterliegen uneingeschr\u00e4nkt den Bestimmungen des jeweils g\u00fcltigen Kennzeichenrechts und den Besitzrechten der jeweiligen eingetragenen Eigent\u00fcmer. Allein aufgrund der blo\u00dfen Nennung ist nicht der Schluss zu ziehen, dass Markenzeichen nicht durch Rechte Dritter gesch\u00fctzt sind! Das Copyright f\u00fcr ver\u00f6ffentlichte, vom Autor selbst erstellte Objekte bleibt allein beim Autor der Seiten. Eine Vervielf\u00e4ltigung oder Verwendung solcher Grafiken, Tondokumente, Videosequenzen und Texte in anderen elektronischen oder gedruckten Publikationen ist ohne ausdr\u00fcckliche Zustimmung des Autors nicht gestattet.<\/span><\/p>\n<p style=\"margin: 0in; font-family: Calibri; font-size: 11.0pt; color: #7a7a7a;\"><span style=\"background: white;\">Diese Webseiten sind urheberrechtlich gesch\u00fctzt. Jede Verwertung au\u00dferhalb der engen Grenzen des Urheberrechtsgesetzes ist ohne die schriftliche Zustimmung des Publishers unzul\u00e4ssig und strafbar. Das gilt insbesondere f\u00fcr Vervielf\u00e4ltigungen, \u00dcbersetzungen, Mikroverfilmungen und die Einspeicherung und Verarbeitung in elektronischen Systemen.<\/span><\/p>\n<p style=\"margin: 0in; font-family: Calibri; font-size: 11.0pt; color: #7a7a7a;\"><span style=\"background: white;\"><b>&nbsp;<\/b><\/span><\/p>\n<p style=\"margin: 0in; font-family: Calibri; font-size: 11.0pt; color: #7a7a7a;\"><span style=\"background: white;\"><b>Bilder und Videos<\/b><\/span><\/p>\n<p style=\"margin: 0in; font-family: Calibri; font-size: 11.0pt; color: #7a7a7a;\"><span style=\"background: white;\"><a href=\"https:\/\/unsplash.com\/de\" target=\"_blank\" rel=\"noopener\">unsplash<\/a>, privat (HK)<\/span><\/p>\t\t\t\t\t\t\t\t<\/div>\n\t\t\t\t<\/div>\n\t\t\t\t\t<\/div>\n\t\t<\/div>\n\t\t\t\t\t<\/div>\n\t\t<\/section>\n\t\t\t\t<\/div>\n\t\t","protected":false},"excerpt":{"rendered":"<p>Herausgeber Weinfreunde Lachen-Speyerdorf e.V. In der Achen 36 67435 Neustadt-Lachen-Speyerdorf Telefon: + 49 6327 960059 E-Mail: info@weinfreunde-lsp.de Internet:&nbsp;weinfreunde-lsp.de Die Weinfreunde Lachen-Speyerdorf sind ein eingetragener, gemeinn\u00fctziger Verein und werden durch die Mitglieder des Vorstandes vertreten. Vorstand : Volker Freytag, Susanne Zinckgraf, Nicole Noe und Hubertus Kr\u00f6ner VR 60812 Amtsgericht Ludwigshafen\/Rhein Haftungshinweis: Diese Website enth\u00e4lt Verkn\u00fcpfungen zu&hellip; <a class=\"more-link\" href=\"https:\/\/weinfreunde-lsp.de\/index.php\/start\/impressum\/\"><span class=\"screen-reader-text\">Impressum<\/span> weiterlesen<\/a><\/p>\n","protected":false},"author":1,"featured_media":0,"parent":2,"menu_order":0,"comment_status":"closed","ping_status":"closed","template":"","meta":{"footnotes":""},"_links":{"self":[{"href":"https:\/\/weinfreunde-lsp.de\/index.php\/wp-json\/wp\/v2\/pages\/9"}],"collection":[{"href":"https:\/\/weinfreunde-lsp.de\/index.php\/wp-json\/wp\/v2\/pages"}],"about":[{"href":"https:\/\/weinfreunde-lsp.de\/index.php\/wp-json\/wp\/v2\/types\/page"}],"author":[{"embeddable":true,"href":"https:\/\/weinfreunde-lsp.de\/index.php\/wp-json\/wp\/v2\/users\/1"}],"replies":[{"embeddable":true,"href":"https:\/\/weinfreunde-lsp.de\/index.php\/wp-json\/wp\/v2\/comments?post=9"}],"version-history":[{"count":16,"href":"https:\/\/weinfreunde-lsp.de\/index.php\/wp-json\/wp\/v2\/pages\/9\/revisions"}],"predecessor-version":[{"id":661,"href":"https:\/\/weinfreunde-lsp.de\/index.php\/wp-json\/wp\/v2\/pages\/9\/revisions\/661"}],"up":[{"embeddable":true,"href":"https:\/\/weinfreunde-lsp.de\/index.php\/wp-json\/wp\/v2\/pages\/2"}],"wp:attachment":[{"href":"https:\/\/weinfreunde-lsp.de\/index.php\/wp-json\/wp\/v2\/media?parent=9"}],"curies":[{"name":"wp","href":"https:\/\/api.w.org\/{rel}","templated":true}]}}